{"id":20,"date":"2025-12-08T15:40:47","date_gmt":"2025-12-08T15:40:47","guid":{"rendered":"https:\/\/vistabar.si\/?page_id=20"},"modified":"2025-12-08T22:21:17","modified_gmt":"2025-12-08T22:21:17","slug":"vistabar","status":"publish","type":"page","link":"https:\/\/vistabar.si\/en\/","title":{"rendered":"Vistabar"},"content":{"rendered":"<div class=\"et_pb_section_0 et_pb_section et_section_regular et_block_section et_clickable vista-parallax\"><span class=\"et-pb-background-video\"><\/span>\n<div class=\"et_pb_row_0 et_pb_row et_block_row\">\n<div class=\"et_pb_column_0 et_pb_column et_pb_column_4_4 et-last-child et_block_column et_pb_css_mix_blend_mode_passthrough\">\n<div class=\"et_pb_image_0 et_pb_image et_animated et_pb_module et_flex_module\"><span class=\"et_pb_image_wrap\"><img loading=\"lazy\" decoding=\"async\" src=\"https:\/\/vistabar.si\/wp-content\/uploads\/2025\/12\/Izdelek-brez-naslova.png\" title=\"Izdelek brez naslova\" width=\"500\" height=\"209\" srcset=\"https:\/\/vistabar.si\/wp-content\/uploads\/2025\/12\/Izdelek-brez-naslova.png 500w, https:\/\/vistabar.si\/wp-content\/uploads\/2025\/12\/Izdelek-brez-naslova-480x201.png 480w\" sizes=\"(min-width: 0px) and (max-width: 480px) 480px, (min-width: 481px) 500px, 100vw\" class=\"wp-image-64\" \/><\/span><\/div>\n\n<div class=\"et_pb_divider_0 et_pb_divider et_pb_space et_pb_divider_position_top et_pb_module\"><div class=\"et_pb_divider_internal\"><\/div><\/div>\n\n<div class=\"et_pb_text_0 et_pb_text et_pb_bg_layout_light et_pb_module et_block_module preset--module--divi-text--b9959e25-00f7-4291-bda1-4a19c91fac22\"><div class=\"et_pb_text_inner\"><h5>An idyllic caf\u00e9 with the most beautiful view in town<\/h5>\n<\/div><\/div>\n\n<div class=\"et_pb_module et_pb_button_module_wrapper et_pb_button_0_wrapper preset--module--divi-button--10f46f73-6795-4f83-b0e1-01c54a5251da_wrapper\"><a class=\"et_pb_button_0 et_pb_button et_pb_bg_layout_light et_animated et_pb_module et_block_module preset--module--divi-button--10f46f73-6795-4f83-b0e1-01c54a5251da\" href=\"#aktualno\">DON'T MISS OUT<\/a><\/div>\n<\/div>\n<\/div>\n<\/div>\n\n<div class=\"et_pb_section_1 et_pb_section et_section_regular et_block_section\" id=\"aktualno\">\n<div class=\"et_pb_row_1 et_pb_row et_block_row\">\n<div class=\"et_pb_column_1 et_pb_column et_pb_column_4_4 et-last-child et_block_column et_pb_css_mix_blend_mode_passthrough\">\n<div class=\"et_pb_text_1 et_pb_text et_pb_bg_layout_light et_pb_module et_block_module preset--module--divi-text--8e4ecd9c-6c3b-4f17-8257-9a70b9c79c3e\"><div class=\"et_pb_text_inner\"><h2><span style=\"color: #000000;\">Za lep\u0161e jutro...<br \/><\/span><\/h2>\n<\/div><\/div>\n\n<div class=\"et_pb_divider_1 et_pb_divider et_pb_space et_pb_divider_position_top et_pb_module\"><div class=\"et_pb_divider_internal\"><\/div><\/div>\n\n<div class=\"et_pb_text_2 et_pb_text et_pb_bg_layout_light et_pb_module et_block_module preset--module--divi-text--a0ad609b-6555-447a-8047-d716f6e71f2d\"><div class=\"et_pb_text_inner\"><section class=\"elementor-section elementor-inner-section elementor-element elementor-element-a67ef05 elementor-section-boxed elementor-section-height-default elementor-section-height-default\" data-id=\"a67ef05\" data-element_type=\"section\">\n<div class=\"elementor-container elementor-column-gap-no\">\n<div class=\"elementor-column elementor-col-100 elementor-inner-column elementor-element elementor-element-ff0714c\" data-id=\"ff0714c\" data-element_type=\"column\">\n<div class=\"elementor-widget-wrap elementor-element-populated\">\n<div class=\"elementor-element elementor-element-2d105ad elementor-widget elementor-widget-text-editor\" data-id=\"2d105ad\" data-element_type=\"widget\" data-widget_type=\"text-editor.default\">\n<div class=\"elementor-widget-container\">\n<p><span style=\"color: #000000;\">Don't miss our current offer for a good morning and a good day.<\/span><\/p>\n<\/div>\n<\/div>\n<\/div>\n<\/div>\n<\/div>\n<\/section>\n<section class=\"elementor-section elementor-inner-section elementor-element elementor-element-0397691 elementor-section-boxed elementor-section-height-default elementor-section-height-default\" data-id=\"0397691\" data-element_type=\"section\">\n<div class=\"elementor-container elementor-column-gap-no\">\n<div class=\"elementor-column elementor-col-33 elementor-inner-column elementor-element elementor-element-af18638\" data-id=\"af18638\" data-element_type=\"column\" data-settings=\"{&quot;background_background&quot;:&quot;gradient&quot;}\">\n<div class=\"elementor-widget-wrap elementor-element-populated\">\n<div class=\"elementor-element elementor-element-64f20dd elementor-widget elementor-widget-image\" data-id=\"64f20dd\" data-element_type=\"widget\" data-widget_type=\"image.default\"><\/div>\n<\/div>\n<\/div>\n<\/div>\n<\/section>\n<\/div><\/div>\n<\/div>\n<\/div>\n\n<div class=\"et_pb_row_2 et_pb_row et_flex_row\">\n<div class=\"et_pb_column_2 et_pb_column et-last-child et_flex_column et_pb_css_mix_blend_mode_passthrough et_flex_column_24_24 et_flex_column_24_24_tablet et_flex_column_24_24_phone\">\n<div class=\"et_pb_code_0 et_pb_code et_pb_module\"><div class=\"et_pb_code_inner\"><div class=\"vista-card-grid3\">\n\n    <!-- Ledena kava -->\n    <article class=\"vista-card3\">\n        <div class=\"vista-card3-img\" style=\"background-image: url('https:\/\/vistabar.si\/wp-content\/uploads\/2025\/12\/urossmdv_Iced_coffee_in_a_tall_Irish_coffee_glass_layered_esp_7eb9e5e3-6513-427c-a20c-7ea1ab31f204_0.png');\"><\/div>\n        <div class=\"vista-card3-body\">\n            <h3>Iced coffee<\/h3>\n            <p class=\"vista-card3-desc\">A refreshing treat that combines creaminess and cool indulgence for the perfect summer treat.<\/p>\n        <\/div>\n    <\/article>\n\n    <!-- Bela kava -->\n    <article class=\"vista-card3\">\n        <div class=\"vista-card3-img\" style=\"background-image: url('https:\/\/vistabar.si\/wp-content\/uploads\/2025\/12\/urossmdv_Creamy_white_coffee_latte_in_a_transparent_glass_wit_baf7c9a1-0b10-49c5-b46e-1bf0ae234629_1.png');\"><\/div>\n        <div class=\"vista-card3-body\">\n            <h3>White coffee<\/h3>\n            <p class=\"vista-card3-desc\">The smoothness of milk and the delicate aroma of coffee in a cup of timeless comfort.<\/p>\n        <\/div>\n    <\/article>\n\n    <!-- Cappuccino -->\n    <article class=\"vista-card3\">\n        <div class=\"vista-card3-img\" style=\"background-image: url('https:\/\/vistabar.si\/wp-content\/uploads\/2025\/12\/urossmdv_Cappuccino_in_a_matte_black_ceramic_cup_with_matchin_0136d970-8c41-4936-8f25-13274c9e79c7_2.png');\"><\/div>\n        <div class=\"vista-card3-body\">\n            <h3>Cappuccino<\/h3>\n            <p class=\"vista-card3-desc\">A classic Italian treat with a delicate foam and perfectly balanced flavor.<\/p>\n        <\/div>\n    <\/article>\n\n<\/div>\n<\/div><\/div>\n\n<div class=\"et_pb_text_3 et_pb_text et_pb_bg_layout_light et_pb_module et_block_module preset--module--divi-text--8e4ecd9c-6c3b-4f17-8257-9a70b9c79c3e\"><div class=\"et_pb_text_inner\"><h2><span style=\"color: #ffffff;\"><span style=\"color: #000000;\">...&amp; za poln \u017eelod\u010dek<\/span><\/span><\/h2>\n<\/div><\/div>\n\n<div class=\"et_pb_code_1 et_pb_code et_pb_module\"><div class=\"et_pb_code_inner\"><div class=\"vista-card-grid3\">\n\n    <!-- Krompirjeve spirale z gamberi -->\n    <article class=\"vista-card3\">\n        <div class=\"vista-card3-img\" style=\"background-image: url('https:\/\/vistabar.si\/wp-content\/uploads\/2025\/12\/1000052858-scaled.jpg');\"><\/div>\n        <div class=\"vista-card3-body\">\n            <h3>Potato spirals with shrimp<\/h3>\n            <p class=\"vista-card3-desc\">\n                Crispy potato skins envelop juicy shrimp in a perfect golden combination that is impossible to resist.\n            <\/p>\n        <\/div>\n    <\/article>\n\n    <!-- Hrustljavi pi\u0161\u010dan\u010dji perutni\u010dki + krompir\u010dek -->\n    <article class=\"vista-card3\">\n        <div class=\"vista-card3-img\" style=\"background-image: url('https:\/\/vistabar.si\/wp-content\/uploads\/2025\/12\/1000052864-scaled.jpg');\"><\/div>\n        <div class=\"vista-card3-body\">\n            <h3>Crispy chicken snack<\/h3>\n            <p class=\"vista-card3-desc\">\n                Gently marinated and perfectly roasted chicken pieces served with warm potatoes \u2013 a classic that always wins.\n            <\/p>\n        <\/div>\n    <\/article>\n\n    <!-- Kaiserschmarrn (cesarski pra\u017eenec) -->\n    <article class=\"vista-card3\">\n        <div class=\"vista-card3-img\" style=\"background-image: url('https:\/\/vistabar.si\/wp-content\/uploads\/2025\/12\/1000052883-scaled.jpg');\"><\/div>\n        <div class=\"vista-card3-body\">\n            <h3>Kaiserschmarrn<\/h3>\n            <p class=\"vista-card3-desc\">\n                Fluffy, lightly caramelized roasted coffee with sugar sprinkles and fruity freshness \u2013 the perfect dessert for the soul.\n            <\/p>\n        <\/div>\n    <\/article>\n\n<\/div>\n<\/div><\/div>\n\n<div class=\"et_pb_module et_pb_button_module_wrapper et_pb_button_1_wrapper preset--module--divi-button--10f46f73-6795-4f83-b0e1-01c54a5251da_wrapper\"><a class=\"et_pb_button_1 et_pb_button et_pb_bg_layout_light et_animated et_pb_module et_block_module preset--module--divi-button--10f46f73-6795-4f83-b0e1-01c54a5251da\" href=\"https:\/\/vistabar.si\/en\/dobrote\/\">...\u0161e ve\u010d dobrot<\/a><\/div>\n<\/div>\n<\/div>\n<\/div>\n\n<div class=\"et_pb_section_2 et_pb_section et_section_regular et_block_section\" id=\"onas\">\n<div class=\"et_pb_row_3 et_pb_row et_block_row\">\n<div class=\"et_pb_column_3 et_pb_column et_pb_column_4_4 et-last-child et_block_column et_pb_css_mix_blend_mode_passthrough\">\n<div class=\"et_pb_text_4 et_pb_text et_pb_bg_layout_light et_pb_module et_block_module preset--module--divi-text--8e4ecd9c-6c3b-4f17-8257-9a70b9c79c3e\"><div class=\"et_pb_text_inner\"><h2>About us<\/h2>\n<\/div><\/div>\n\n<div class=\"et_pb_divider_2 et_pb_divider et_pb_space et_pb_divider_position_top et_pb_module\"><div class=\"et_pb_divider_internal\"><\/div><\/div>\n\n<div class=\"et_pb_text_5 et_pb_text et_pb_bg_layout_light et_pb_module et_block_module preset--module--divi-text--a0ad609b-6555-447a-8047-d716f6e71f2d\"><div class=\"et_pb_text_inner\"><p class=\"translation-block\"><span>Vista Bar is a place where you can enjoy excellent food,<br><\/span><span> drinks and conversation or listen to top-class concerts.<\/span><\/p>\n<\/div><\/div>\n\n<div class=\"et_pb_text_6 et_pb_text et_pb_bg_layout_light et_pb_module et_block_module preset--module--divi-text--a0ad609b-6555-447a-8047-d716f6e71f2d\"><div class=\"et_pb_text_inner\"><h2><span style=\"color: #ffffff;\">\"Vista bar je prostor, kjer lahko u\u017eivate ob odli\u010dni hrani, pija\u010di in klepetu ali prisluhnete vrhunskim koncertom.\"<\/span><\/h2>\n<\/div><\/div>\n\n<div class=\"et_pb_text_7 et_pb_text et_pb_bg_layout_light et_pb_module et_block_module preset--module--divi-text--a0ad609b-6555-447a-8047-d716f6e71f2d\"><div class=\"et_pb_text_inner\"><div class=\"elementor-element elementor-element-6022437 elementor-widget elementor-widget-text-editor\" data-id=\"6022437\" data-element_type=\"widget\" data-widget_type=\"text-editor.default\">\n<div class=\"elementor-widget-container\">\n<p class=\"translation-block\">The bar offers a wide variety of drinks:  we spoil our guests with a range of delicious hot drinks,  <br>With a selection of quality wines, we offer a wide range of beers and pride ourselves on our excellent cocktails.<\/p>\n<\/div>\n<\/div>\n<div class=\"elementor-element elementor-element-80d39cf elementor-widget elementor-widget-image\" data-id=\"80d39cf\" data-element_type=\"widget\" data-widget_type=\"image.default\"><\/div>\n<\/div><\/div>\n<\/div>\n<\/div>\n<\/div>\n\n<div class=\"et_pb_section_3 et_pb_section et_section_regular et_block_section vista-parallax\"><\/div>\n\n<div class=\"et_pb_section_4 et_pb_section et_section_regular et_block_section\">\n<div class=\"et_pb_row_4 et_pb_row et_pb_equal_columns et_pb_gutters1 et_block_row et_pb_row_fullwidth\">\n<div class=\"et_pb_column_4 et_pb_column et_pb_column_4_4 et_block_column et_pb_css_mix_blend_mode_passthrough\">\n<div class=\"et_pb_text_8 et_pb_text et_pb_bg_layout_light et_pb_module et_block_module preset--module--divi-text--8e4ecd9c-6c3b-4f17-8257-9a70b9c79c3e\"><div class=\"et_pb_text_inner\"><h2><span style=\"color: #ffffff;\">REFRESH YOURSELF<\/span><\/h2>\n<\/div><\/div>\n\n<div class=\"et_pb_divider_3 et_pb_divider et_pb_space et_pb_divider_position_top et_pb_module\"><div class=\"et_pb_divider_internal\"><\/div><\/div>\n\n<div class=\"et_pb_text_9 et_pb_text et_pb_bg_layout_light et_pb_module et_block_module preset--module--divi-text--a0ad609b-6555-447a-8047-d716f6e71f2d\"><div class=\"et_pb_text_inner\"><h2><span style=\"color: #ffffff;\">Cocktails<\/span><\/h2>\n<\/div><\/div>\n\n<div class=\"et_pb_text_10 et_pb_text et_pb_bg_layout_light et_pb_module et_block_module preset--module--divi-text--a0ad609b-6555-447a-8047-d716f6e71f2d\"><div class=\"et_pb_text_inner\"><p><span style=\"color: #ffffff;\">Check out our selection of alcoholic and non-alcoholic cocktails that will enhance your Vista Bar experience.<\/span><\/p>\n<\/div><\/div>\n<\/div>\n\n<div class=\"et_pb_column_5 et_pb_column et_pb_column_4_4 et-last-child et_block_column et_pb_css_mix_blend_mode_passthrough et-pb-has-background-video et_pb_preload\"><span class=\"et-pb-background-video\"><video autoplay loop playsinline muted><source type=\"video\/mp4\" src=\"https:\/\/vistabar.si\/wp-content\/uploads\/2025\/12\/social_urossmdv_Dramatic_mojito_cocktail_in_a_tall_glass_crystal_cle_1da60e5d-488c-46da-8dfc-856748de5c6f_0.mp4\" \/><\/video><\/span>\n<div class=\"et_pb_divider_4 et_pb_divider_hidden et_pb_space et_pb_divider_position_top et_pb_module\"><div class=\"et_pb_divider_internal\"><\/div><\/div>\n<\/div>\n<\/div>\n<\/div>\n\n<div class=\"et_pb_section_5 et_pb_section et_section_regular et_block_section vista-parallax\">\n<div class=\"et_pb_row_5 et_pb_row et_block_row\">\n<div class=\"et_pb_column_6 et_pb_column et_pb_column_4_4 et-last-child et_block_column et_pb_css_mix_blend_mode_passthrough\">\n<div class=\"et_pb_text_11 et_pb_text et_pb_bg_layout_light et_pb_module et_block_module preset--module--divi-text--8e4ecd9c-6c3b-4f17-8257-9a70b9c79c3e\"><div class=\"et_pb_text_inner\"><h2>COFFEE made with heart<\/h2>\n<\/div><\/div>\n\n<div class=\"et_pb_divider_5 et_pb_divider et_pb_space et_pb_divider_position_top et_pb_module\"><div class=\"et_pb_divider_internal\"><\/div><\/div>\n<\/div>\n<\/div>\n\n<div class=\"et_pb_row_6 et_pb_row et_block_row\">\n<div class=\"et_pb_column_7 et_pb_column et_pb_column_1_3 et_block_column et_pb_css_mix_blend_mode_passthrough\">\n<div class=\"et_pb_image_1 et_pb_image et_animated et_pb_module et_block_module\"><span class=\"et_pb_image_wrap\"><img loading=\"lazy\" decoding=\"async\" src=\"https:\/\/vistabar.si\/wp-content\/uploads\/2025\/12\/icon-1.png\" width=\"58\" height=\"58\" srcset=\"https:\/\/vistabar.si\/wp-content\/uploads\/2025\/12\/icon-1.png 58w\" sizes=\"(max-width: 58px) 100vw, 58px\" class=\"wp-image-32\" title=\"icon-1\" \/><\/span><\/div>\n\n<div class=\"et_pb_text_12 et_pb_text et_pb_bg_layout_light et_animated et_pb_module et_block_module preset--module--divi-text--535bdab9-5279-4482-b40d-c89897971e1c\"><div class=\"et_pb_text_inner\"><h6>best mix<\/h6>\n<\/div><\/div>\n<\/div>\n\n<div class=\"et_pb_column_8 et_pb_column et_pb_column_1_3 et_block_column et_pb_css_mix_blend_mode_passthrough\">\n<div class=\"et_pb_image_2 et_pb_image et_animated et_pb_module et_block_module\"><span class=\"et_pb_image_wrap\"><img loading=\"lazy\" decoding=\"async\" src=\"https:\/\/vistabar.si\/wp-content\/uploads\/2025\/12\/icon-2.png\" width=\"58\" height=\"58\" srcset=\"https:\/\/vistabar.si\/wp-content\/uploads\/2025\/12\/icon-2.png 58w\" sizes=\"(max-width: 58px) 100vw, 58px\" class=\"wp-image-33\" title=\"icon-2\" \/><\/span><\/div>\n\n<div class=\"et_pb_text_13 et_pb_text et_pb_bg_layout_light et_animated et_pb_module et_block_module preset--module--divi-text--535bdab9-5279-4482-b40d-c89897971e1c\"><div class=\"et_pb_text_inner\"><h6>best milk<\/h6>\n<\/div><\/div>\n<\/div>\n\n<div class=\"et_pb_column_9 et_pb_column et_pb_column_1_3 et-last-child et_block_column et_pb_css_mix_blend_mode_passthrough\">\n<div class=\"et_pb_image_3 et_pb_image et_animated et_pb_module et_block_module\"><span class=\"et_pb_image_wrap\"><img loading=\"lazy\" decoding=\"async\" src=\"https:\/\/vistabar.si\/wp-content\/uploads\/2025\/12\/icon-3.png\" width=\"58\" height=\"58\" srcset=\"https:\/\/vistabar.si\/wp-content\/uploads\/2025\/12\/icon-3.png 58w\" sizes=\"(max-width: 58px) 100vw, 58px\" class=\"wp-image-34\" title=\"icon-3\" \/><\/span><\/div>\n\n<div class=\"et_pb_text_14 et_pb_text et_pb_bg_layout_light et_animated et_pb_module et_block_module preset--module--divi-text--535bdab9-5279-4482-b40d-c89897971e1c\"><div class=\"et_pb_text_inner\"><h6>THE PERFECT COMBINATION<\/h6>\n<\/div><\/div>\n<\/div>\n<\/div>\n\n<div class=\"et_pb_row_7 et_pb_row et_block_row\">\n<div class=\"et_pb_column_10 et_pb_column et_pb_column_4_4 et-last-child et_block_column et_pb_css_mix_blend_mode_passthrough\">\n<div class=\"et_pb_text_15 et_pb_text et_pb_bg_layout_light et_pb_module et_block_module preset--module--divi-text--a0ad609b-6555-447a-8047-d716f6e71f2d\"><div class=\"et_pb_text_inner\"><p data-start=\"202\" data-end=\"420\">Every cup of coffee is a small ritual for us.<br data-start=\"243\" data-end=\"246\" \/>Freshly ground beans, perfect temperature, and hands that know how to listen to coffee.<br data-start=\"317\" data-end=\"320\" \/>There are no shortcuts \u2014 only patience, knowledge, and good energy, which the barista transfers into every sip.<\/p>\n<p data-start=\"422\" data-end=\"476\">Coffee is not just a drink for us.<br data-start=\"451\" data-end=\"454\" \/>Coffee is a moment for yourself.<\/p>\n<\/div><\/div>\n<\/div>\n<\/div>\n<\/div>\n\n<div class=\"et_pb_section_6 et_pb_section et_section_regular et_flex_section\" id=\"faq\">\n<div class=\"et_pb_row_8 et_pb_row et_flex_row\">\n<div class=\"et_pb_column_11 et_pb_column et-last-child et_flex_column et_pb_css_mix_blend_mode_passthrough et_flex_column_24_24 et_flex_column_24_24_tablet et_flex_column_24_24_phone\">\n<div class=\"et_pb_text_16 et_pb_text et_pb_bg_layout_light et_pb_module et_block_module preset--module--divi-text--8e4ecd9c-6c3b-4f17-8257-9a70b9c79c3e\"><div class=\"et_pb_text_inner\"><h2><span style=\"color: #ffffff;\">FREQUENTLY ASKED QUESTIONS<\/span><\/h2>\n<\/div><\/div>\n\n<div class=\"et_pb_divider_6 et_pb_divider et_pb_space et_pb_divider_position_top et_pb_module\"><div class=\"et_pb_divider_internal\"><\/div><\/div>\n\n<div class=\"et_pb_code_2 et_pb_code et_pb_module\"><div class=\"et_pb_code_inner\"><div class=\"vista-faq-wrapper\">\n        <div class=\"vista-faq-item\">\n        <div class=\"vista-faq-question\">\n            <span>Where is Vista Bar located?<\/span>\n            <span class=\"vista-faq-icon\">+<\/span>\n        <\/div>\n        <div class=\"vista-faq-answer\">\n            <p>Vista Bar is located by Lake Velenje at Cesta na Jezero 7, 3320 Velenje. It can be reached on foot, by bike, or by car, with parking available in public car parks around the lake.<\/p>\n        <\/div>\n    <\/div>\n\n    <div class=\"vista-faq-item\">\n        <div class=\"vista-faq-question\">\n            <span>What are Vista Bar's opening hours?<\/span>\n            <span class=\"vista-faq-icon\">+<\/span>\n        <\/div>\n        <div class=\"vista-faq-answer\">\n            <p>Vista Bar is open Tuesday through Thursday from 9:00 a.m. to 8:00 p.m., Friday from 9:00 a.m. to 11:00 p.m., Saturday from 8:00 a.m. to 11:00 p.m., and Sunday from 8:00 a.m. to 6:00 p.m. The bar is closed on Mondays.<\/p>\n        <\/div>\n    <\/div>\n\n    <div class=\"vista-faq-item\">\n        <div class=\"vista-faq-question\">\n            <span>Can I reserve a table?<\/span>\n            <span class=\"vista-faq-icon\">+<\/span>\n        <\/div>\n        <div class=\"vista-faq-answer\">\n            <p class=\"translation-block\">For reservations and information, please write to us at <a href=\"mailto:info@vistabar.si\" target=\"_self\">info@vistabar.si<\/a> or call us at <a href=\"tel:+38640851282\" target=\"_self\">+386 40 851 282<\/a>. For larger groups and special events, we recommend advance booking.<\/p>\n        <\/div>\n    <\/div>\n\n    <div class=\"vista-faq-item\">\n        <div class=\"vista-faq-question\">\n            <span>What do you offer at Vista Bar?<\/span>\n            <span class=\"vista-faq-icon\">+<\/span>\n        <\/div>\n        <div class=\"vista-faq-answer\">\n            <p>At Vista Bar, we serve fresh coffee, a variety of hot and cold drinks, cocktails, and a selection of snacks and desserts. The emphasis is on a relaxed atmosphere with a view of the lake.<\/p>\n        <\/div>\n    <\/div>\n\n    <div class=\"vista-faq-item\">\n        <div class=\"vista-faq-question\">\n            <span>Do you organize special events?<\/span>\n            <span class=\"vista-faq-icon\">+<\/span>\n        <\/div>\n        <div class=\"vista-faq-answer\">\n            <p>We occasionally organize themed evenings, events, and gatherings with music. We publish current information on our social networks and website, and you can contact us by email or phone for private events.<\/p>\n        <\/div>\n    <\/div>\n\n    <div class=\"vista-faq-item\">\n        <div class=\"vista-faq-question\">\n            <span>Is Vista Bar a good place to relax by the lake?<\/span>\n            <span class=\"vista-faq-icon\">+<\/span>\n        <\/div>\n        <div class=\"vista-faq-answer\">\n            <p>Yes. Vista Bar is a caf\u00e9 overlooking Lake Velenje, with an outdoor area for relaxing, socializing, and enjoying a drink.<\/p>\n        <\/div>\n    <\/div>\n\n    <div class=\"vista-faq-item\">\n        <div class=\"vista-faq-question\">\n            <span>Where can I see the current price list?<\/span>\n            <span class=\"vista-faq-icon\">+<\/span>\n        <\/div>\n        <div class=\"vista-faq-answer\">\n            <p>You can view the current price list and the entire offer at the restaurant, where prices and products are regularly updated.<\/p>\n        <\/div>\n    <\/div>\n<\/div>\n\n<script>\ndocument.querySelectorAll('.vista-faq-question').forEach(question => {\n    question.addEventListener('click', () => {\n        const item = question.parentElement;\n        const wrapper = item.parentElement;\n\n        \/\/ zapri ostale\n        wrapper.querySelectorAll('.vista-faq-item').forEach(i => {\n            if (i !== item) i.classList.remove('active');\n        });\n\n        \/\/ preklopi trenutno\n        item.classList.toggle('active');\n    });\n});\n<\/script>\n<\/div><\/div>\n<\/div>\n<\/div>\n<\/div>\n\n<div class=\"et_pb_section_7 et_pb_section et_section_regular et_block_section\" id=\"kjesmo\">\n<div class=\"et_pb_row_9 et_pb_row et_pb_equal_columns et_pb_gutters1 et_block_row et_pb_row_fullwidth\">\n<div class=\"et_pb_column_12 et_pb_column et_pb_column_4_4 et_block_column et_pb_css_mix_blend_mode_passthrough\"><span class=\"et-pb-background-video\"><\/span>\n<div class=\"et_pb_divider_7 et_pb_divider_hidden et_pb_space et_pb_divider_position_top et_pb_module\"><div class=\"et_pb_divider_internal\"><\/div><\/div>\n<\/div>\n\n<div class=\"et_pb_column_13 et_pb_column et_pb_column_4_4 et-last-child et_block_column et_pb_css_mix_blend_mode_passthrough\">\n<div class=\"et_pb_text_17 et_pb_text et_pb_bg_layout_light et_pb_module et_block_module preset--module--divi-text--8e4ecd9c-6c3b-4f17-8257-9a70b9c79c3e\"><div class=\"et_pb_text_inner\"><h2><span style=\"color: #ffffff;\">WHERE CAN YOU FIND US?<\/span><\/h2>\n<\/div><\/div>\n\n<div class=\"et_pb_divider_8 et_pb_divider et_pb_space et_pb_divider_position_top et_pb_module\"><div class=\"et_pb_divider_internal\"><\/div><\/div>\n\n<div class=\"et_pb_text_18 et_pb_text et_pb_bg_layout_light et_pb_module et_block_module preset--module--divi-text--a0ad609b-6555-447a-8047-d716f6e71f2d\"><div class=\"et_pb_text_inner\"><h2><span style=\"color: #ffffff;\">Cesta Simona Blatnika 26b, 3320 Velenje<\/span><\/h2>\n<\/div><\/div>\n\n<div class=\"et_pb_text_19 et_pb_text et_pb_bg_layout_light et_pb_module et_block_module preset--module--divi-text--a0ad609b-6555-447a-8047-d716f6e71f2d\"><div class=\"et_pb_text_inner\"><p><span style=\"color: #ffffff;\">T: 040 851 282<\/span><\/p>\n<\/div><\/div>\n<\/div>\n<\/div>\n<\/div>","protected":false},"excerpt":{"rendered":"","protected":false},"author":1,"featured_media":0,"parent":0,"menu_order":0,"comment_status":"closed","ping_status":"closed","template":"","meta":{"footnotes":""},"class_list":["post-20","page","type-page","status-publish","hentry"],"_links":{"self":[{"href":"https:\/\/vistabar.si\/en\/wp-json\/wp\/v2\/pages\/20","targetHints":{"allow":["GET"]}}],"collection":[{"href":"https:\/\/vistabar.si\/en\/wp-json\/wp\/v2\/pages"}],"about":[{"href":"https:\/\/vistabar.si\/en\/wp-json\/wp\/v2\/types\/page"}],"author":[{"embeddable":true,"href":"https:\/\/vistabar.si\/en\/wp-json\/wp\/v2\/users\/1"}],"replies":[{"embeddable":true,"href":"https:\/\/vistabar.si\/en\/wp-json\/wp\/v2\/comments?post=20"}],"version-history":[{"count":5,"href":"https:\/\/vistabar.si\/en\/wp-json\/wp\/v2\/pages\/20\/revisions"}],"predecessor-version":[{"id":276,"href":"https:\/\/vistabar.si\/en\/wp-json\/wp\/v2\/pages\/20\/revisions\/276"}],"wp:attachment":[{"href":"https:\/\/vistabar.si\/en\/wp-json\/wp\/v2\/media?parent=20"}],"curies":[{"name":"wp","href":"https:\/\/api.w.org\/{rel}","templated":true}]}}